{"id":245,"date":"2018-01-29T21:58:16","date_gmt":"2018-01-29T20:58:16","guid":{"rendered":"https:\/\/www.ramforth.net\/galacticvikings\/?page_id=245"},"modified":"2018-01-29T21:58:16","modified_gmt":"2018-01-29T20:58:16","slug":"de-fire-stjerners-kamp","status":"publish","type":"page","link":"https:\/\/galacticvikings.com\/index.php\/poems\/de-fire-stjerners-kamp\/","title":{"rendered":"De fire stjerners kamp"},"content":{"rendered":"<blockquote>\n<h4><strong><span style=\"color: #ffcc00;\">Fra sj\u00f8ens glitter til den glitrende sj\u00f8en.<\/span><\/strong><br \/>\n<strong><span style=\"color: #ffcc00;\"> Bytting i \u00d8st, Brauting i Vest. Befare i S\u00f8r, men hjem til bo i Nord<br \/>\n<\/span><\/strong><em><span style=\"color: #ffcc00;\">Nordmannens kompass<\/span><\/em><\/h4>\n<\/blockquote>\n<p><strong><span style=\"color: #ffcc00;\">Det synes som evigheter siden, da den siste store Vikingfl\u00e5te barket sammen med tyranner fra Imperiet. Normenns siste store kamp f\u00f8r de for evig gikk vill blant Jotner og Guder i Valhall.<\/span><\/strong><\/p>\n<p style=\"padding-left: 60px;\"><strong><span style=\"color: #ffcc00;\">Kom led ditt \u00f8re til min tale, et bud fra fordums dage<\/span><\/strong><br \/>\n<strong><span style=\"color: #ffcc00;\"> Blant \u00e5tte stjerner i Maias saler, den norske fl\u00e5te<span style=\"text-decoration: underline;\"> <span style=\"color: #ffffff; text-decoration: underline;\">i strak parade<\/span><\/span><\/span><\/strong><br \/>\n<strong><span style=\"color: #ffcc00;\"> Slagskip og kryssere som skyer av jagere <span style=\"text-decoration: underline; color: #ffffff;\">formummer<\/span><\/span><\/strong><br \/>\n<strong><span style=\"color: #ffcc00;\"> Naglfar og Sleipner, v\u00e5re fremste under<\/span><\/strong><br \/>\n<strong><span style=\"color: #ffcc00;\"> Innherred og Steinkjer vil leve, i ord og sanger<\/span><\/strong><br \/>\n<strong><span style=\"color: #ffcc00;\"> Og hundrevis av Gugnir Jagere i\u00a0<span style=\"text-decoration: underline;\"><span style=\"color: #ffffff; text-decoration: underline;\">kavalkade<\/span><\/span><\/span><\/strong><br \/>\n<strong><span style=\"color: #ffcc00;\"> Syntes \u00e5 v\u00e6re en overflod av styrke<span style=\"text-decoration: underline;\"><span style=\"color: #ffffff;\"><br \/>\n<\/span><\/span><\/span><\/strong><strong><span style=\"color: #ffcc00;\"><br \/>\n<\/span><\/strong><strong><span style=\"color: #ffcc00;\">Handelsreise var deres oppdrags ambisjoner<\/span><\/strong><br \/>\n<strong><span style=\"color: #ffcc00;\"> Fl\u00e5ten samlet grunnet f\u00f8rtids aggresjoner<\/span><\/strong><br \/>\n<strong><span style=\"color: #ffcc00;\"> Rykter om overgripers\u00a0<span style=\"text-decoration: underline;\"><span style=\"color: #ffffff;\">styrkers m\u00f8nstring<\/span><\/span><\/span><\/strong><br \/>\n<strong><span style=\"color: #ffcc00;\"> Fikk vikingene til en voktet kurs \u00e5 <span style=\"text-decoration: underline; color: #ffffff;\">peile<\/span><\/span><\/strong><br \/>\n<strong><span style=\"color: #ffcc00;\"> Frykt for store og voldsomme streiftog\u00a0<span style=\"text-decoration: underline; color: #ffffff;\">n\u00e6r<\/span><\/span><\/strong><br \/>\n<strong><span style=\"color: #ffcc00;\"> Bestykkede forkjempere vernet hver en borger <span style=\"text-decoration: underline; color: #ffffff;\">kj\u00e6r<\/span><\/span><\/strong><\/p>\n<p style=\"padding-left: 60px;\"><strong><span style=\"color: #ffcc00;\">Fordi om handelsfolk, de nordmenn var<\/span><\/strong><br \/>\n<strong><span style=\"color: #ffcc00;\"> Om du egger til v\u00e5penstrid, ta deg v<span style=\"text-decoration: underline; color: #ffffff;\">\u00e1<\/span>r <span style=\"text-decoration: underline; color: #ffffff;\">&lt;- aksent p\u00e5 A?<\/span><\/span><\/strong><br \/>\n<strong><span style=\"color: #ffcc00;\"> Talent med v\u00e5pen l\u00e6res fra krabbende ferd<\/span><\/strong><br \/>\n<strong><span style=\"color: #ffcc00;\"> V\u00e6re seg kanoner, eller skjold og sverd<\/span><\/strong><br \/>\n<strong><span style=\"color: #ffcc00;\"> Sjelden synes deres like i voldsom strid<\/span><\/strong><br \/>\n<strong><span style=\"color: #ffcc00;\"> Slik de evig streber \u00e5 muntre Tor og Tyr\u00a0<span style=\"text-decoration: underline;\"><span style=\"color: #ffffff;\">\/Odin og Tor? Odin e norr\u00f8n god of war. Fucke litt med rytmen kanskje? :\/ De e no faen itj lett heller nei. Kaste b\u00e6re ut tanka \u00e6 no, ikke s\u00e5 my forslag engang.<\/span><\/span><\/span><\/strong><\/p>\n<p style=\"padding-left: 60px;\"><strong><span style=\"color: #ffcc00;\">I nattens glimmer, mot veiens ende<\/span><\/strong><br \/>\n<strong><span style=\"color: #ffcc00;\"> Rivalers skip vinner stadig lende<\/span><\/strong><br \/>\n<strong><span style=\"color: #ffcc00;\"> Vikingstammens siste h\u00f8vding<\/span><\/strong><br \/>\n<strong><span style=\"color: #ffcc00;\"> Stanset f\u00f8lget og tok stilling<\/span><\/strong><br \/>\n<strong><span style=\"color: #ffcc00;\"> Gjemt i kosmos blant Maias kloder<\/span><\/strong><br \/>\n<strong><span style=\"color: #ffcc00;\"> H\u00e5p om dekke fra de som f\u00f8lger<span style=\"text-decoration: underline; color: #ffffff;\">\/jager\/skygger<\/span><\/span><\/strong><\/p>\n<p style=\"padding-left: 60px;\"><strong><span style=\"color: #ffcc00;\">Akk, fienden s\u00e5 gjennom hildring<\/span><\/strong><br \/>\n<strong><span style=\"color: #ffcc00;\"> Men nordmenn bes\u00f8rget en kostbar kroning<\/span><\/strong><br \/>\n<strong><span style=\"color: #ffcc00;\"> Striden startet med spott og dristighet<\/span><\/strong><br \/>\n<strong><span style=\"color: #ffcc00;\"> Lasere gnistret i fryktelig\u00a0herlighet<\/span><\/strong><br \/>\n<strong><span style=\"color: #ffcc00;\"> Mens \u00e5tte soler str\u00e5ler sterkt i n\u00e6rhet<\/span><\/strong><br \/>\n<strong><span style=\"color: #ffcc00;\"> Fiender ble avfeid, til ytterste evighet<\/span><\/strong><\/p>\n<p style=\"padding-left: 60px;\"><strong><span style=\"color: #ffcc00;\">Stolte majesteter for stridende parter<\/span><\/strong><br \/>\n<strong><span style=\"color: #ffcc00;\"> Studerte voldens intrikate arter<\/span><\/strong><br \/>\n<strong><span style=\"color: #ffcc00;\"> Nye svar p\u00e5 eldgamle g\u00e5ter<\/span><\/strong><br \/>\n<strong><span style=\"color: #ffcc00;\"> Fremb\u00e6rer ferske uhyrligheter<\/span><\/strong><br \/>\n<strong><span style=\"color: #ffcc00;\"> Hver en sjel, slitt tvert i knas og s\u00f8nder<\/span><\/strong><br \/>\n<strong><span style=\"color: #ffcc00;\"> Mens menneskhetens \u00e5nd <span style=\"text-decoration: underline; color: #000000;\">selv<\/span> gikk under<br \/>\n&#8212;&#8212;&#8212;&#8212;&#8212;&#8212;marker \u00a0 \u00a0 ^^<\/span><\/strong><\/p>\n","protected":false},"excerpt":{"rendered":"<p>Fra sj\u00f8ens glitter til den glitrende sj\u00f8en. Bytting i \u00d8st, Brauting i Vest. Befare i S\u00f8r, men hjem til bo i Nord Nordmannens kompass Det synes som evigheter siden, da den siste store Vikingfl\u00e5te barket sammen med tyranner fra Imperiet. Normenns siste store kamp f\u00f8r de for evig gikk vill blant Jotner og Guder i [&hellip;]<\/p>\n","protected":false},"author":1,"featured_media":0,"parent":124,"menu_order":0,"comment_status":"closed","ping_status":"closed","template":"","meta":{"footnotes":""},"class_list":["post-245","page","type-page","status-publish","hentry"],"_links":{"self":[{"href":"https:\/\/galacticvikings.com\/index.php\/wp-json\/wp\/v2\/pages\/245","targetHints":{"allow":["GET"]}}],"collection":[{"href":"https:\/\/galacticvikings.com\/index.php\/wp-json\/wp\/v2\/pages"}],"about":[{"href":"https:\/\/galacticvikings.com\/index.php\/wp-json\/wp\/v2\/types\/page"}],"author":[{"embeddable":true,"href":"https:\/\/galacticvikings.com\/index.php\/wp-json\/wp\/v2\/users\/1"}],"replies":[{"embeddable":true,"href":"https:\/\/galacticvikings.com\/index.php\/wp-json\/wp\/v2\/comments?post=245"}],"version-history":[{"count":0,"href":"https:\/\/galacticvikings.com\/index.php\/wp-json\/wp\/v2\/pages\/245\/revisions"}],"up":[{"embeddable":true,"href":"https:\/\/galacticvikings.com\/index.php\/wp-json\/wp\/v2\/pages\/124"}],"wp:attachment":[{"href":"https:\/\/galacticvikings.com\/index.php\/wp-json\/wp\/v2\/media?parent=245"}],"curies":[{"name":"wp","href":"https:\/\/api.w.org\/{rel}","templated":true}]}}